{"id":36,"date":"2026-05-08T10:39:30","date_gmt":"2026-05-08T10:39:30","guid":{"rendered":"https:\/\/mkahsap.com\/?page_id=36"},"modified":"2026-05-08T10:40:17","modified_gmt":"2026-05-08T10:40:17","slug":"hakkimizda","status":"publish","type":"page","link":"https:\/\/mkahsap.com\/index.php\/hakkimizda\/","title":{"rendered":"Hakk\u0131m\u0131zda"},"content":{"rendered":"\n<figure class=\"wp-block-image size-full is-resized\"><img loading=\"lazy\" decoding=\"async\" width=\"705\" height=\"698\" src=\"https:\/\/mkahsap.com\/wp-content\/uploads\/2026\/05\/hakkimizda-1.jpg\" alt=\"\" class=\"wp-image-38\" style=\"aspect-ratio:1.0100516674495068;width:314px;height:auto\" srcset=\"https:\/\/mkahsap.com\/wp-content\/uploads\/2026\/05\/hakkimizda-1.jpg 705w, https:\/\/mkahsap.com\/wp-content\/uploads\/2026\/05\/hakkimizda-1-300x297.jpg 300w, https:\/\/mkahsap.com\/wp-content\/uploads\/2026\/05\/hakkimizda-1-150x150.jpg 150w, https:\/\/mkahsap.com\/wp-content\/uploads\/2026\/05\/hakkimizda-1-600x594.jpg 600w, https:\/\/mkahsap.com\/wp-content\/uploads\/2026\/05\/hakkimizda-1-100x100.jpg 100w\" sizes=\"auto, (max-width: 705px) 100vw, 705px\" \/><\/figure>\n\n\n\n<p><strong>MK AH\u015eAP MOB\u0130LYA TASARIM<\/strong>\u00a0\u00e7\u0131rakl\u0131ktan ustal\u0131\u011fa uzanan 20 y\u0131ll\u0131k bir eme\u011fin \u00fcr\u00fcn\u00fc olarak 2016 y\u0131l\u0131nda Denizli\u2019 de kurulmu\u015ftur. 10 y\u0131ll\u0131k ustal\u0131\u011f\u0131n evlerinizde \u015f\u0131k tasar\u0131mlar ve sizlerin mutlulu\u011fu eklenince yapt\u0131\u011f\u0131m\u0131z i\u015flerde daha da kendimizi geli\u015ftirmek i\u00e7in \u2018HER G\u00dcN YEN\u0130DEN\u2019 slogan\u0131yla yorulmaks\u0131z\u0131n \u00e7al\u0131\u015fmaktay\u0131z.<\/p>\n\n\n\n<p>Siz de\u011ferli m\u00fc\u015fterilerimize Denizli ve \u00c7evresinde say\u0131s\u0131z Mutfak Mobilyas\u0131, Banyo Mobilyas\u0131, Ah\u015fap ve MDF kap\u0131, Ah\u015fap Merdiven Basama\u011f\u0131, Yatak Odas\u0131 Tak\u0131mlar\u0131, Ya\u015fam \u00dcniteleri, Masa, Sehpa, \u0130ste\u011fe \u00d6zel Ah\u015fap Tasar\u0131mlar ve Anahtar Teslim i\u015fler yapt\u0131k ve yapmaya devam edece\u011fiz.\u00a0<\/p>\n\n\n\n<p>Siz yeterki hayal edin biz tasarlay\u0131p \u00fcretelim.<\/p>\n\n\n\n<p>Sayg\u0131lar\u0131m\u0131zla<br>MK AH\u015eAP MOB\u0130LYA TASARIM<\/p>\n","protected":false},"excerpt":{"rendered":"<p>MK AH\u015eAP MOB\u0130LYA TASARIM\u00a0\u00e7\u0131rakl\u0131ktan ustal\u0131\u011fa uzanan 20 y\u0131ll\u0131k bir eme\u011fin \u00fcr\u00fcn\u00fc olarak 2016 y\u0131l\u0131nda Denizli\u2019 de kurulmu\u015ftur. 10 y\u0131ll\u0131k ustal\u0131\u011f\u0131n evlerinizde \u015f\u0131k tasar\u0131mlar ve sizlerin mutlulu\u011fu eklenince yapt\u0131\u011f\u0131m\u0131z i\u015flerde daha da kendimizi geli\u015ftirmek i\u00e7in \u2018HER G\u00dcN YEN\u0130DEN\u2019 slogan\u0131yla yorulmaks\u0131z\u0131n \u00e7al\u0131\u015fmaktay\u0131z. Siz de\u011ferli m\u00fc\u015fterilerimize Denizli ve \u00c7evresinde say\u0131s\u0131z Mutfak Mobilyas\u0131, Banyo Mobilyas\u0131, Ah\u015fap ve MDF kap\u0131, [&hellip;]<\/p>\n","protected":false},"author":1,"featured_media":0,"parent":0,"menu_order":0,"comment_status":"closed","ping_status":"closed","template":"","meta":{"footnotes":""},"class_list":["post-36","page","type-page","status-publish","hentry"],"_links":{"self":[{"href":"https:\/\/mkahsap.com\/index.php\/wp-json\/wp\/v2\/pages\/36","targetHints":{"allow":["GET"]}}],"collection":[{"href":"https:\/\/mkahsap.com\/index.php\/wp-json\/wp\/v2\/pages"}],"about":[{"href":"https:\/\/mkahsap.com\/index.php\/wp-json\/wp\/v2\/types\/page"}],"author":[{"embeddable":true,"href":"https:\/\/mkahsap.com\/index.php\/wp-json\/wp\/v2\/users\/1"}],"replies":[{"embeddable":true,"href":"https:\/\/mkahsap.com\/index.php\/wp-json\/wp\/v2\/comments?post=36"}],"version-history":[{"count":2,"href":"https:\/\/mkahsap.com\/index.php\/wp-json\/wp\/v2\/pages\/36\/revisions"}],"predecessor-version":[{"id":40,"href":"https:\/\/mkahsap.com\/index.php\/wp-json\/wp\/v2\/pages\/36\/revisions\/40"}],"wp:attachment":[{"href":"https:\/\/mkahsap.com\/index.php\/wp-json\/wp\/v2\/media?parent=36"}],"curies":[{"name":"wp","href":"https:\/\/api.w.org\/{rel}","templated":true}]}}