{"id":45,"date":"2026-05-08T10:42:51","date_gmt":"2026-05-08T10:42:51","guid":{"rendered":"https:\/\/mkahsap.com\/?page_id=45"},"modified":"2026-05-08T10:42:51","modified_gmt":"2026-05-08T10:42:51","slug":"musteri-yorumlari","status":"publish","type":"page","link":"https:\/\/mkahsap.com\/index.php\/musteri-yorumlari\/","title":{"rendered":"M\u00fc\u015fteri Yorumlar\u0131"},"content":{"rendered":"\n<p>\u201cMutfak dolab\u0131 ve \u00f6zel \u00f6l\u00e7\u00fc mobilya yapt\u0131rd\u0131k. \u0130\u015f\u00e7ilik ger\u00e7ekten \u00e7ok kaliteli oldu. Zaman\u0131nda teslim ettiler, kesinlikle tavsiye ederim.\u201d<br>\u2014 Ahmet K.<\/p>\n\n\n\n<p>\u201cTV \u00fcnitesi ve duvar dekorasyonu i\u00e7in \u00e7al\u0131\u015ft\u0131k. Hem tasar\u0131m hem uygulama \u00e7ok profesyoneldi. Bekledi\u011fimizden daha g\u00fczel oldu.\u201d<br>\u2014 Mehmet Y.<\/p>\n\n\n\n<p>\u201cAh\u015fap pergole ve veranda i\u015fi yapt\u0131rd\u0131k. Kullan\u0131lan malzeme kaliteli, i\u015f\u00e7ilik temiz. G\u00fcvenilir firma.\u201d<br>\u2014 Serkan T.<\/p>\n\n\n\n<p>\u201c\u00d6zel \u00f6l\u00e7\u00fc gard\u0131rop yapt\u0131rd\u0131m. \u00d6l\u00e7\u00fcler birebir oldu ve montaj \u00e7ok temiz yap\u0131ld\u0131. Eme\u011fi ge\u00e7en herkese te\u015fekk\u00fcr ederim.\u201d<br>\u2014 Emine D.<\/p>\n\n\n\n<p>\u201c\u0130\u015fyeri i\u00e7in masa ve raf sistemleri yapt\u0131rd\u0131k. Hem uygun fiyatl\u0131 hem kaliteli i\u015f \u00e7\u0131kard\u0131lar. Kesinlikle memnun kald\u0131k.\u201d<br>\u2014 Burak \u00c7.<\/p>\n\n\n\n<p>\u201cKap\u0131 ve mutfak yenileme i\u015fimizi k\u0131sa s\u00fcrede tamamlad\u0131lar. \u0130leti\u015fimleri \u00e7ok iyi, i\u015f\u00e7ilikleri de ger\u00e7ekten ba\u015far\u0131l\u0131.\u201d<br>\u2014 Fatma A.<\/p>\n","protected":false},"excerpt":{"rendered":"<p>\u201cMutfak dolab\u0131 ve \u00f6zel \u00f6l\u00e7\u00fc mobilya yapt\u0131rd\u0131k. \u0130\u015f\u00e7ilik ger\u00e7ekten \u00e7ok kaliteli oldu. Zaman\u0131nda teslim ettiler, kesinlikle tavsiye ederim.\u201d\u2014 Ahmet K. \u201cTV \u00fcnitesi ve duvar dekorasyonu i\u00e7in \u00e7al\u0131\u015ft\u0131k. Hem tasar\u0131m hem uygulama \u00e7ok profesyoneldi. Bekledi\u011fimizden daha g\u00fczel oldu.\u201d\u2014 Mehmet Y. \u201cAh\u015fap pergole ve veranda i\u015fi yapt\u0131rd\u0131k. Kullan\u0131lan malzeme kaliteli, i\u015f\u00e7ilik temiz. G\u00fcvenilir firma.\u201d\u2014 Serkan T. \u201c\u00d6zel [&hellip;]<\/p>\n","protected":false},"author":1,"featured_media":0,"parent":0,"menu_order":0,"comment_status":"closed","ping_status":"closed","template":"","meta":{"footnotes":""},"class_list":["post-45","page","type-page","status-publish","hentry"],"_links":{"self":[{"href":"https:\/\/mkahsap.com\/index.php\/wp-json\/wp\/v2\/pages\/45","targetHints":{"allow":["GET"]}}],"collection":[{"href":"https:\/\/mkahsap.com\/index.php\/wp-json\/wp\/v2\/pages"}],"about":[{"href":"https:\/\/mkahsap.com\/index.php\/wp-json\/wp\/v2\/types\/page"}],"author":[{"embeddable":true,"href":"https:\/\/mkahsap.com\/index.php\/wp-json\/wp\/v2\/users\/1"}],"replies":[{"embeddable":true,"href":"https:\/\/mkahsap.com\/index.php\/wp-json\/wp\/v2\/comments?post=45"}],"version-history":[{"count":1,"href":"https:\/\/mkahsap.com\/index.php\/wp-json\/wp\/v2\/pages\/45\/revisions"}],"predecessor-version":[{"id":46,"href":"https:\/\/mkahsap.com\/index.php\/wp-json\/wp\/v2\/pages\/45\/revisions\/46"}],"wp:attachment":[{"href":"https:\/\/mkahsap.com\/index.php\/wp-json\/wp\/v2\/media?parent=45"}],"curies":[{"name":"wp","href":"https:\/\/api.w.org\/{rel}","templated":true}]}}