{"id":53,"date":"2026-05-08T10:48:11","date_gmt":"2026-05-08T10:48:11","guid":{"rendered":"https:\/\/mkahsap.com\/?page_id=53"},"modified":"2026-05-08T10:48:12","modified_gmt":"2026-05-08T10:48:12","slug":"mobil-ev-mooble-house-karavan","status":"publish","type":"page","link":"https:\/\/mkahsap.com\/index.php\/mobil-ev-mooble-house-karavan\/","title":{"rendered":"Mobil Ev (Mooble House) &#8211; Karavan"},"content":{"rendered":"\n<p>G\u00fcn\u00fcm\u00fcz \u015fartlar\u0131nda art\u0131k do\u011faya d\u00f6nmek ka\u00e7\u0131n\u0131lmaz bir hal alm\u0131\u015f durumda. Salg\u0131n s\u00fcrecinde temiz bir nefes almak do\u011fa ile i\u00e7 i\u00e7e ya\u015fayarak huzuru hissetmek istiyorsan\u0131z i\u015fte tam da buradas\u0131n\u0131z. Sizin iste\u011finize uygun Ah\u015fap Mobil Evler \u00fcretiyoruz. Ta\u015f\u0131nabilir ve uygun maliyetli olmas\u0131 ve kafa nereye biz oraya mant\u0131\u011f\u0131yla istedi\u011finiz yerde yerle\u015fim yapman\u0131z olana\u011f\u0131n\u0131 sunuyoruz. Sizde ihtiya\u00e7lar\u0131n\u0131z do\u011frultusunda bir mobil ev sahip olmak istiyorsan\u0131z bize ula\u015fabilirsiniz. Ayr\u0131ca mevcut karavanlar\u0131n\u0131z\u0131n modifiyesi, tamirat\u0131 ve yeniden revizyon edilmesini sa\u011fl\u0131yoruz.<\/p>\n\n\n\n<figure class=\"wp-block-image size-full\"><img loading=\"lazy\" decoding=\"async\" width=\"480\" height=\"320\" src=\"https:\/\/mkahsap.com\/wp-content\/uploads\/2026\/05\/denizli-mobilev-tinnyhouse-1.jpg\" alt=\"\" class=\"wp-image-54\" srcset=\"https:\/\/mkahsap.com\/wp-content\/uploads\/2026\/05\/denizli-mobilev-tinnyhouse-1.jpg 480w, https:\/\/mkahsap.com\/wp-content\/uploads\/2026\/05\/denizli-mobilev-tinnyhouse-1-300x200.jpg 300w\" sizes=\"auto, (max-width: 480px) 100vw, 480px\" \/><\/figure>\n","protected":false},"excerpt":{"rendered":"<p>G\u00fcn\u00fcm\u00fcz \u015fartlar\u0131nda art\u0131k do\u011faya d\u00f6nmek ka\u00e7\u0131n\u0131lmaz bir hal alm\u0131\u015f durumda. Salg\u0131n s\u00fcrecinde temiz bir nefes almak do\u011fa ile i\u00e7 i\u00e7e ya\u015fayarak huzuru hissetmek istiyorsan\u0131z i\u015fte tam da buradas\u0131n\u0131z. Sizin iste\u011finize uygun Ah\u015fap Mobil Evler \u00fcretiyoruz. Ta\u015f\u0131nabilir ve uygun maliyetli olmas\u0131 ve kafa nereye biz oraya mant\u0131\u011f\u0131yla istedi\u011finiz yerde yerle\u015fim yapman\u0131z olana\u011f\u0131n\u0131 sunuyoruz. Sizde ihtiya\u00e7lar\u0131n\u0131z do\u011frultusunda [&hellip;]<\/p>\n","protected":false},"author":1,"featured_media":0,"parent":0,"menu_order":0,"comment_status":"closed","ping_status":"closed","template":"","meta":{"footnotes":""},"class_list":["post-53","page","type-page","status-publish","hentry"],"_links":{"self":[{"href":"https:\/\/mkahsap.com\/index.php\/wp-json\/wp\/v2\/pages\/53","targetHints":{"allow":["GET"]}}],"collection":[{"href":"https:\/\/mkahsap.com\/index.php\/wp-json\/wp\/v2\/pages"}],"about":[{"href":"https:\/\/mkahsap.com\/index.php\/wp-json\/wp\/v2\/types\/page"}],"author":[{"embeddable":true,"href":"https:\/\/mkahsap.com\/index.php\/wp-json\/wp\/v2\/users\/1"}],"replies":[{"embeddable":true,"href":"https:\/\/mkahsap.com\/index.php\/wp-json\/wp\/v2\/comments?post=53"}],"version-history":[{"count":1,"href":"https:\/\/mkahsap.com\/index.php\/wp-json\/wp\/v2\/pages\/53\/revisions"}],"predecessor-version":[{"id":55,"href":"https:\/\/mkahsap.com\/index.php\/wp-json\/wp\/v2\/pages\/53\/revisions\/55"}],"wp:attachment":[{"href":"https:\/\/mkahsap.com\/index.php\/wp-json\/wp\/v2\/media?parent=53"}],"curies":[{"name":"wp","href":"https:\/\/api.w.org\/{rel}","templated":true}]}}