{"id":56,"date":"2026-05-08T10:49:36","date_gmt":"2026-05-08T10:49:36","guid":{"rendered":"https:\/\/mkahsap.com\/?page_id=56"},"modified":"2026-05-08T10:49:36","modified_gmt":"2026-05-08T10:49:36","slug":"mutfak-mobilya-dekorasyon","status":"publish","type":"page","link":"https:\/\/mkahsap.com\/index.php\/mutfak-mobilya-dekorasyon\/","title":{"rendered":"Mutfak Mobilya Dekorasyon"},"content":{"rendered":"\n<p>Mutfak Mobilya Dekorasyon<\/p>\n\n\n\n<p><strong>Evin en s\u0131cak bulu\u015fma noktas\u0131.. Mutfak dolab\u0131n\u0131z\u0131 zevkinize ve b\u00fct\u00e7enize uygun fiyatlar ile yeniliyoruz\u2026<\/strong><\/p>\n\n\n\n<p>Mutfak bir evin en g\u00f6z \u00f6n\u00fcnde ve en \u00e7ok kullan\u0131lan alanlar\u0131ndan birisidir. Her a\u00e7\u0131dan dekorasyonuna dikkat edilmesi gerekmektedir. Yukar\u0131da sizin i\u00e7in se\u00e7ti\u011fimiz baz\u0131 mutfak dekorasyon modelleri yer almaktad\u0131r.<br>Zevkinize uygun mutfak modeli hakk\u0131nda bilgi almak i\u00e7in bize ula\u015f\u0131n.<\/p>\n\n\n\n<figure class=\"wp-block-image size-large\"><img loading=\"lazy\" decoding=\"async\" width=\"1024\" height=\"768\" src=\"https:\/\/mkahsap.com\/wp-content\/uploads\/2026\/05\/denizli-mutfak-mobilya-dekorasyon-tasarim-9-1024x768.jpg\" alt=\"\" class=\"wp-image-57\" srcset=\"https:\/\/mkahsap.com\/wp-content\/uploads\/2026\/05\/denizli-mutfak-mobilya-dekorasyon-tasarim-9-1024x768.jpg 1024w, https:\/\/mkahsap.com\/wp-content\/uploads\/2026\/05\/denizli-mutfak-mobilya-dekorasyon-tasarim-9-300x225.jpg 300w, https:\/\/mkahsap.com\/wp-content\/uploads\/2026\/05\/denizli-mutfak-mobilya-dekorasyon-tasarim-9-768x576.jpg 768w, https:\/\/mkahsap.com\/wp-content\/uploads\/2026\/05\/denizli-mutfak-mobilya-dekorasyon-tasarim-9-600x450.jpg 600w, https:\/\/mkahsap.com\/wp-content\/uploads\/2026\/05\/denizli-mutfak-mobilya-dekorasyon-tasarim-9.jpg 1280w\" sizes=\"auto, (max-width: 1024px) 100vw, 1024px\" \/><\/figure>\n","protected":false},"excerpt":{"rendered":"<p>Mutfak Mobilya Dekorasyon Evin en s\u0131cak bulu\u015fma noktas\u0131.. Mutfak dolab\u0131n\u0131z\u0131 zevkinize ve b\u00fct\u00e7enize uygun fiyatlar ile yeniliyoruz\u2026 Mutfak bir evin en g\u00f6z \u00f6n\u00fcnde ve en \u00e7ok kullan\u0131lan alanlar\u0131ndan birisidir. Her a\u00e7\u0131dan dekorasyonuna dikkat edilmesi gerekmektedir. Yukar\u0131da sizin i\u00e7in se\u00e7ti\u011fimiz baz\u0131 mutfak dekorasyon modelleri yer almaktad\u0131r.Zevkinize uygun mutfak modeli hakk\u0131nda bilgi almak i\u00e7in bize ula\u015f\u0131n.<\/p>\n","protected":false},"author":1,"featured_media":0,"parent":0,"menu_order":0,"comment_status":"closed","ping_status":"closed","template":"","meta":{"footnotes":""},"class_list":["post-56","page","type-page","status-publish","hentry"],"_links":{"self":[{"href":"https:\/\/mkahsap.com\/index.php\/wp-json\/wp\/v2\/pages\/56","targetHints":{"allow":["GET"]}}],"collection":[{"href":"https:\/\/mkahsap.com\/index.php\/wp-json\/wp\/v2\/pages"}],"about":[{"href":"https:\/\/mkahsap.com\/index.php\/wp-json\/wp\/v2\/types\/page"}],"author":[{"embeddable":true,"href":"https:\/\/mkahsap.com\/index.php\/wp-json\/wp\/v2\/users\/1"}],"replies":[{"embeddable":true,"href":"https:\/\/mkahsap.com\/index.php\/wp-json\/wp\/v2\/comments?post=56"}],"version-history":[{"count":1,"href":"https:\/\/mkahsap.com\/index.php\/wp-json\/wp\/v2\/pages\/56\/revisions"}],"predecessor-version":[{"id":58,"href":"https:\/\/mkahsap.com\/index.php\/wp-json\/wp\/v2\/pages\/56\/revisions\/58"}],"wp:attachment":[{"href":"https:\/\/mkahsap.com\/index.php\/wp-json\/wp\/v2\/media?parent=56"}],"curies":[{"name":"wp","href":"https:\/\/api.w.org\/{rel}","templated":true}]}}