{"id":59,"date":"2026-05-08T10:51:25","date_gmt":"2026-05-08T10:51:25","guid":{"rendered":"https:\/\/mkahsap.com\/?page_id=59"},"modified":"2026-05-08T10:51:25","modified_gmt":"2026-05-08T10:51:25","slug":"yatak-odasi-mobilyasi","status":"publish","type":"page","link":"https:\/\/mkahsap.com\/index.php\/yatak-odasi-mobilyasi\/","title":{"rendered":"Yatak Odas\u0131 Mobilyas\u0131"},"content":{"rendered":"\n<p>Yatak Odas\u0131 Mobilyas\u0131<\/p>\n\n\n\n<p>G\u00fcn\u00fcn sonunda, kesintisiz bir uykunun yan\u0131 s\u0131ra evinizin en \u00f6zel alan\u0131n\u0131 da olu\u015fturan yatak odalar\u0131 \u00f6zenle tasarlanan \u00fcr\u00fcnlerden olu\u015fuyor. Genel olarak gard\u0131roplar, baza ya da karyola, \u015fifonyer ve komodinlerden olu\u015fan yatak odalar\u0131, evinizin dekorasyonunda da \u00f6nemli bir yere sahip.<\/p>\n\n\n\n<p>Yatak odalar\u0131 tercihlerinizde di\u011fer odalar\u0131n\u0131z\u0131n mobilya tak\u0131mlar\u0131na uygun se\u00e7imler yapabilir ya da yatak odan\u0131z\u0131 ba\u015ftan sona yeni bir tasar\u0131mla d\u00f6\u015feyebilirsiniz. G\u00fcn i\u00e7inde kulland\u0131\u011f\u0131n\u0131z \u00f6zellikle ki\u015fisel e\u015fyalar\u0131n\u0131z\u0131n d\u00fczenlenmesinde de b\u00fcy\u00fck katk\u0131 sa\u011flayan yatak odas\u0131 tak\u0131mlar\u0131n\u0131n i\u015flevsel tasar\u0131mlardan se\u00e7ilmesi de b\u00fcy\u00fck \u00f6nem ta\u015f\u0131yor.<\/p>\n\n\n\n<p>Sizi dinliyoruz ve birlikte en g\u00fczelini \u00fcretmek i\u00e7in y\u0131llar\u0131n ustal\u0131\u011f\u0131 ve tecr\u00fcbesini sizlerle payla\u015f\u0131yoruz. Yatak Odas\u0131 Mobilya ihtiya\u00e7lar\u0131n\u0131z i\u00e7in bize ula\u015fabilirsiniz.<\/p>\n\n\n\n<figure class=\"wp-block-image size-large\"><img loading=\"lazy\" decoding=\"async\" width=\"1024\" height=\"576\" src=\"https:\/\/mkahsap.com\/wp-content\/uploads\/2026\/05\/yatak-odasi-denizli-1024x576.jpg\" alt=\"\" class=\"wp-image-60\" srcset=\"https:\/\/mkahsap.com\/wp-content\/uploads\/2026\/05\/yatak-odasi-denizli-1024x576.jpg 1024w, https:\/\/mkahsap.com\/wp-content\/uploads\/2026\/05\/yatak-odasi-denizli-300x169.jpg 300w, https:\/\/mkahsap.com\/wp-content\/uploads\/2026\/05\/yatak-odasi-denizli-768x432.jpg 768w, https:\/\/mkahsap.com\/wp-content\/uploads\/2026\/05\/yatak-odasi-denizli-1536x864.jpg 1536w, https:\/\/mkahsap.com\/wp-content\/uploads\/2026\/05\/yatak-odasi-denizli-600x338.jpg 600w, https:\/\/mkahsap.com\/wp-content\/uploads\/2026\/05\/yatak-odasi-denizli.jpg 1920w\" sizes=\"auto, (max-width: 1024px) 100vw, 1024px\" \/><\/figure>\n","protected":false},"excerpt":{"rendered":"<p>Yatak Odas\u0131 Mobilyas\u0131 G\u00fcn\u00fcn sonunda, kesintisiz bir uykunun yan\u0131 s\u0131ra evinizin en \u00f6zel alan\u0131n\u0131 da olu\u015fturan yatak odalar\u0131 \u00f6zenle tasarlanan \u00fcr\u00fcnlerden olu\u015fuyor. Genel olarak gard\u0131roplar, baza ya da karyola, \u015fifonyer ve komodinlerden olu\u015fan yatak odalar\u0131, evinizin dekorasyonunda da \u00f6nemli bir yere sahip. Yatak odalar\u0131 tercihlerinizde di\u011fer odalar\u0131n\u0131z\u0131n mobilya tak\u0131mlar\u0131na uygun se\u00e7imler yapabilir ya da yatak [&hellip;]<\/p>\n","protected":false},"author":1,"featured_media":0,"parent":0,"menu_order":0,"comment_status":"closed","ping_status":"closed","template":"","meta":{"footnotes":""},"class_list":["post-59","page","type-page","status-publish","hentry"],"_links":{"self":[{"href":"https:\/\/mkahsap.com\/index.php\/wp-json\/wp\/v2\/pages\/59","targetHints":{"allow":["GET"]}}],"collection":[{"href":"https:\/\/mkahsap.com\/index.php\/wp-json\/wp\/v2\/pages"}],"about":[{"href":"https:\/\/mkahsap.com\/index.php\/wp-json\/wp\/v2\/types\/page"}],"author":[{"embeddable":true,"href":"https:\/\/mkahsap.com\/index.php\/wp-json\/wp\/v2\/users\/1"}],"replies":[{"embeddable":true,"href":"https:\/\/mkahsap.com\/index.php\/wp-json\/wp\/v2\/comments?post=59"}],"version-history":[{"count":1,"href":"https:\/\/mkahsap.com\/index.php\/wp-json\/wp\/v2\/pages\/59\/revisions"}],"predecessor-version":[{"id":61,"href":"https:\/\/mkahsap.com\/index.php\/wp-json\/wp\/v2\/pages\/59\/revisions\/61"}],"wp:attachment":[{"href":"https:\/\/mkahsap.com\/index.php\/wp-json\/wp\/v2\/media?parent=59"}],"curies":[{"name":"wp","href":"https:\/\/api.w.org\/{rel}","templated":true}]}}