{"id":62,"date":"2026-05-08T10:55:36","date_gmt":"2026-05-08T10:55:36","guid":{"rendered":"https:\/\/mkahsap.com\/?page_id=62"},"modified":"2026-05-08T10:55:36","modified_gmt":"2026-05-08T10:55:36","slug":"cocuk-genc-odasi","status":"publish","type":"page","link":"https:\/\/mkahsap.com\/index.php\/cocuk-genc-odasi\/","title":{"rendered":"\u00c7ocuk &#8211; Gen\u00e7 Odas\u0131"},"content":{"rendered":"\n<p>MK Ah\u015fap Mobilya Tasar\u0131m olarak,bebek, \u00e7couk ve\u00a0gen\u00e7 odalar\u0131 modelleri ile se\u00e7imlerinize yard\u0131mc\u0131 olacak yenilik\u00e7i ve sa\u011fl\u0131kl\u0131 \u00fcr\u00fcnler sunuyoruz.<\/p>\n\n\n\n<p>Olduk\u00e7a geni\u015f bir ya\u015f aral\u0131\u011f\u0131na hitap eden \u00fcr\u00fcnlerimiz ile gen\u00e7lerin, anne ve babalar\u0131n istekleri do\u011frultusunda tasarl\u0131yor ve \u00fcretiyoruz. \u0130htiya\u00e7lar\u0131n\u0131z do\u011frultusunda bize ula\u015fabilir, \u00fccretsiz ke\u015fif olanaklar\u0131ndan yararlanabilirsiniz.<\/p>\n","protected":false},"excerpt":{"rendered":"<p>MK Ah\u015fap Mobilya Tasar\u0131m olarak,bebek, \u00e7couk ve\u00a0gen\u00e7 odalar\u0131 modelleri ile se\u00e7imlerinize yard\u0131mc\u0131 olacak yenilik\u00e7i ve sa\u011fl\u0131kl\u0131 \u00fcr\u00fcnler sunuyoruz. Olduk\u00e7a geni\u015f bir ya\u015f aral\u0131\u011f\u0131na hitap eden \u00fcr\u00fcnlerimiz ile gen\u00e7lerin, anne ve babalar\u0131n istekleri do\u011frultusunda tasarl\u0131yor ve \u00fcretiyoruz. \u0130htiya\u00e7lar\u0131n\u0131z do\u011frultusunda bize ula\u015fabilir, \u00fccretsiz ke\u015fif olanaklar\u0131ndan yararlanabilirsiniz.<\/p>\n","protected":false},"author":1,"featured_media":0,"parent":0,"menu_order":0,"comment_status":"closed","ping_status":"closed","template":"","meta":{"footnotes":""},"class_list":["post-62","page","type-page","status-publish","hentry"],"_links":{"self":[{"href":"https:\/\/mkahsap.com\/index.php\/wp-json\/wp\/v2\/pages\/62","targetHints":{"allow":["GET"]}}],"collection":[{"href":"https:\/\/mkahsap.com\/index.php\/wp-json\/wp\/v2\/pages"}],"about":[{"href":"https:\/\/mkahsap.com\/index.php\/wp-json\/wp\/v2\/types\/page"}],"author":[{"embeddable":true,"href":"https:\/\/mkahsap.com\/index.php\/wp-json\/wp\/v2\/users\/1"}],"replies":[{"embeddable":true,"href":"https:\/\/mkahsap.com\/index.php\/wp-json\/wp\/v2\/comments?post=62"}],"version-history":[{"count":1,"href":"https:\/\/mkahsap.com\/index.php\/wp-json\/wp\/v2\/pages\/62\/revisions"}],"predecessor-version":[{"id":63,"href":"https:\/\/mkahsap.com\/index.php\/wp-json\/wp\/v2\/pages\/62\/revisions\/63"}],"wp:attachment":[{"href":"https:\/\/mkahsap.com\/index.php\/wp-json\/wp\/v2\/media?parent=62"}],"curies":[{"name":"wp","href":"https:\/\/api.w.org\/{rel}","templated":true}]}}