{"id":67,"date":"2026-05-08T11:01:39","date_gmt":"2026-05-08T11:01:39","guid":{"rendered":"https:\/\/mkahsap.com\/?page_id=67"},"modified":"2026-05-08T11:01:39","modified_gmt":"2026-05-08T11:01:39","slug":"kapi-mobilya","status":"publish","type":"page","link":"https:\/\/mkahsap.com\/index.php\/kapi-mobilya\/","title":{"rendered":"Kap\u0131 Mobilya"},"content":{"rendered":"\n<p>Ya\u015fam alanlar\u0131n\u0131z i\u00e7in iste\u011fe uygun kalite ve malzeme ile m\u00fckemmel i\u015f\u00e7ili\u011fimizi birle\u015ftirip evinizi en g\u00fczel g\u00f6sterecek kap\u0131lar \u00fcretiyoruz. Ah\u015fap, Lake, Amerikan vb.. kap\u0131 t\u00fcrlerimiz i\u00e7in bizimle irtibata ge\u00e7ebilirsiniz.<\/p>\n\n\n\n<figure class=\"wp-block-image size-full\"><img loading=\"lazy\" decoding=\"async\" width=\"900\" height=\"660\" src=\"https:\/\/mkahsap.com\/wp-content\/uploads\/2026\/05\/ahsap-mdf-kapi3.jpg\" alt=\"\" class=\"wp-image-68\" srcset=\"https:\/\/mkahsap.com\/wp-content\/uploads\/2026\/05\/ahsap-mdf-kapi3.jpg 900w, https:\/\/mkahsap.com\/wp-content\/uploads\/2026\/05\/ahsap-mdf-kapi3-300x220.jpg 300w, https:\/\/mkahsap.com\/wp-content\/uploads\/2026\/05\/ahsap-mdf-kapi3-768x563.jpg 768w, https:\/\/mkahsap.com\/wp-content\/uploads\/2026\/05\/ahsap-mdf-kapi3-600x440.jpg 600w\" sizes=\"auto, (max-width: 900px) 100vw, 900px\" \/><\/figure>\n\n\n\n<p><\/p>\n","protected":false},"excerpt":{"rendered":"<p>Ya\u015fam alanlar\u0131n\u0131z i\u00e7in iste\u011fe uygun kalite ve malzeme ile m\u00fckemmel i\u015f\u00e7ili\u011fimizi birle\u015ftirip evinizi en g\u00fczel g\u00f6sterecek kap\u0131lar \u00fcretiyoruz. Ah\u015fap, Lake, Amerikan vb.. kap\u0131 t\u00fcrlerimiz i\u00e7in bizimle irtibata ge\u00e7ebilirsiniz.<\/p>\n","protected":false},"author":1,"featured_media":0,"parent":0,"menu_order":0,"comment_status":"closed","ping_status":"closed","template":"","meta":{"footnotes":""},"class_list":["post-67","page","type-page","status-publish","hentry"],"_links":{"self":[{"href":"https:\/\/mkahsap.com\/index.php\/wp-json\/wp\/v2\/pages\/67","targetHints":{"allow":["GET"]}}],"collection":[{"href":"https:\/\/mkahsap.com\/index.php\/wp-json\/wp\/v2\/pages"}],"about":[{"href":"https:\/\/mkahsap.com\/index.php\/wp-json\/wp\/v2\/types\/page"}],"author":[{"embeddable":true,"href":"https:\/\/mkahsap.com\/index.php\/wp-json\/wp\/v2\/users\/1"}],"replies":[{"embeddable":true,"href":"https:\/\/mkahsap.com\/index.php\/wp-json\/wp\/v2\/comments?post=67"}],"version-history":[{"count":1,"href":"https:\/\/mkahsap.com\/index.php\/wp-json\/wp\/v2\/pages\/67\/revisions"}],"predecessor-version":[{"id":69,"href":"https:\/\/mkahsap.com\/index.php\/wp-json\/wp\/v2\/pages\/67\/revisions\/69"}],"wp:attachment":[{"href":"https:\/\/mkahsap.com\/index.php\/wp-json\/wp\/v2\/media?parent=67"}],"curies":[{"name":"wp","href":"https:\/\/api.w.org\/{rel}","templated":true}]}}