{"id":70,"date":"2026-05-08T11:04:31","date_gmt":"2026-05-08T11:04:31","guid":{"rendered":"https:\/\/mkahsap.com\/?page_id=70"},"modified":"2026-05-08T11:04:31","modified_gmt":"2026-05-08T11:04:31","slug":"rayli-dolap-sistemleri","status":"publish","type":"page","link":"https:\/\/mkahsap.com\/index.php\/rayli-dolap-sistemleri\/","title":{"rendered":"Rayl\u0131 Dolap Sistemleri"},"content":{"rendered":"\n<p>G\u00fcn\u00fcm\u00fczde neredeyse art\u0131k hepimizin evinde olan RAY DOLAP,estetik aray\u0131\u015flar\u0131n,s\u0131n\u0131rl\u0131 hacimlerin ve k\u0131s\u0131tl\u0131 imkanlar\u0131n neticesidir. \u00d6zellikle dar alanlarda kapakl\u0131 mod\u00fcllerin oda ergonomilerini bozmas\u0131 ve hantal yap\u0131lar\u0131,estetik ve zerafet arayanlar\u0131n g\u00f6zdesi olmu\u015ftur.Ayr\u0131ca minifix ba\u011flant\u0131 sistemiyle daha portatif hale gelmi\u015f,olas\u0131 nakil i\u015flemlerinde zaiyat verme \u015fans\u0131 kalmam\u0131\u015ft\u0131r. Montaj kolayl\u0131\u011f\u0131,caml\u0131,aynal\u0131 ve aksesuarl\u0131 yap\u0131s\u0131yla g\u00fcnl\u00fck ziyaret etti\u011fimiz mekanlard\u0131r. Sizde \u015f\u0131k tasar\u0131mlar\u0131m\u0131z\u0131 g\u00f6rmek ve fiyat almak i\u00e7in bize ula\u015f\u0131n.<\/p>\n\n\n\n<figure class=\"wp-block-image size-full\"><img loading=\"lazy\" decoding=\"async\" width=\"1024\" height=\"752\" src=\"https:\/\/mkahsap.com\/wp-content\/uploads\/2026\/05\/ray-dolap-denizli.jpg\" alt=\"\" class=\"wp-image-71\" srcset=\"https:\/\/mkahsap.com\/wp-content\/uploads\/2026\/05\/ray-dolap-denizli.jpg 1024w, https:\/\/mkahsap.com\/wp-content\/uploads\/2026\/05\/ray-dolap-denizli-300x220.jpg 300w, https:\/\/mkahsap.com\/wp-content\/uploads\/2026\/05\/ray-dolap-denizli-768x564.jpg 768w, https:\/\/mkahsap.com\/wp-content\/uploads\/2026\/05\/ray-dolap-denizli-600x441.jpg 600w\" sizes=\"auto, (max-width: 1024px) 100vw, 1024px\" \/><\/figure>\n","protected":false},"excerpt":{"rendered":"<p>G\u00fcn\u00fcm\u00fczde neredeyse art\u0131k hepimizin evinde olan RAY DOLAP,estetik aray\u0131\u015flar\u0131n,s\u0131n\u0131rl\u0131 hacimlerin ve k\u0131s\u0131tl\u0131 imkanlar\u0131n neticesidir. \u00d6zellikle dar alanlarda kapakl\u0131 mod\u00fcllerin oda ergonomilerini bozmas\u0131 ve hantal yap\u0131lar\u0131,estetik ve zerafet arayanlar\u0131n g\u00f6zdesi olmu\u015ftur.Ayr\u0131ca minifix ba\u011flant\u0131 sistemiyle daha portatif hale gelmi\u015f,olas\u0131 nakil i\u015flemlerinde zaiyat verme \u015fans\u0131 kalmam\u0131\u015ft\u0131r. Montaj kolayl\u0131\u011f\u0131,caml\u0131,aynal\u0131 ve aksesuarl\u0131 yap\u0131s\u0131yla g\u00fcnl\u00fck ziyaret etti\u011fimiz mekanlard\u0131r. Sizde \u015f\u0131k tasar\u0131mlar\u0131m\u0131z\u0131 [&hellip;]<\/p>\n","protected":false},"author":1,"featured_media":0,"parent":0,"menu_order":0,"comment_status":"closed","ping_status":"closed","template":"","meta":{"footnotes":""},"class_list":["post-70","page","type-page","status-publish","hentry"],"_links":{"self":[{"href":"https:\/\/mkahsap.com\/index.php\/wp-json\/wp\/v2\/pages\/70","targetHints":{"allow":["GET"]}}],"collection":[{"href":"https:\/\/mkahsap.com\/index.php\/wp-json\/wp\/v2\/pages"}],"about":[{"href":"https:\/\/mkahsap.com\/index.php\/wp-json\/wp\/v2\/types\/page"}],"author":[{"embeddable":true,"href":"https:\/\/mkahsap.com\/index.php\/wp-json\/wp\/v2\/users\/1"}],"replies":[{"embeddable":true,"href":"https:\/\/mkahsap.com\/index.php\/wp-json\/wp\/v2\/comments?post=70"}],"version-history":[{"count":1,"href":"https:\/\/mkahsap.com\/index.php\/wp-json\/wp\/v2\/pages\/70\/revisions"}],"predecessor-version":[{"id":72,"href":"https:\/\/mkahsap.com\/index.php\/wp-json\/wp\/v2\/pages\/70\/revisions\/72"}],"wp:attachment":[{"href":"https:\/\/mkahsap.com\/index.php\/wp-json\/wp\/v2\/media?parent=70"}],"curies":[{"name":"wp","href":"https:\/\/api.w.org\/{rel}","templated":true}]}}