{"id":73,"date":"2026-05-08T11:05:53","date_gmt":"2026-05-08T11:05:53","guid":{"rendered":"https:\/\/mkahsap.com\/?page_id=73"},"modified":"2026-05-08T11:05:53","modified_gmt":"2026-05-08T11:05:53","slug":"tv-unitesi","status":"publish","type":"page","link":"https:\/\/mkahsap.com\/index.php\/tv-unitesi\/","title":{"rendered":"Tv \u00dcnitesi"},"content":{"rendered":"\n<p>Evinizin en \u00f6nemli k\u00f6\u015fesi ve en \u00e7ok bakt\u0131\u011f\u0131m\u0131z yer tabiki televizyon. B\u00f6ylesi bir ya\u015fam alan\u0131 tabiki en g\u00fczel olmal\u0131. TV \u00dcnite Modellerimizi g\u00f6rmek ve fiyat almak i\u00e7in l\u00fctfen bize ula\u015f\u0131n.<\/p>\n\n\n\n<figure class=\"wp-block-image size-full\"><img loading=\"lazy\" decoding=\"async\" width=\"902\" height=\"680\" src=\"https:\/\/mkahsap.com\/wp-content\/uploads\/2026\/05\/tv-unitesi3.jpg\" alt=\"\" class=\"wp-image-74\" srcset=\"https:\/\/mkahsap.com\/wp-content\/uploads\/2026\/05\/tv-unitesi3.jpg 902w, https:\/\/mkahsap.com\/wp-content\/uploads\/2026\/05\/tv-unitesi3-300x226.jpg 300w, https:\/\/mkahsap.com\/wp-content\/uploads\/2026\/05\/tv-unitesi3-768x579.jpg 768w, https:\/\/mkahsap.com\/wp-content\/uploads\/2026\/05\/tv-unitesi3-600x452.jpg 600w\" sizes=\"auto, (max-width: 902px) 100vw, 902px\" \/><\/figure>\n","protected":false},"excerpt":{"rendered":"<p>Evinizin en \u00f6nemli k\u00f6\u015fesi ve en \u00e7ok bakt\u0131\u011f\u0131m\u0131z yer tabiki televizyon. B\u00f6ylesi bir ya\u015fam alan\u0131 tabiki en g\u00fczel olmal\u0131. TV \u00dcnite Modellerimizi g\u00f6rmek ve fiyat almak i\u00e7in l\u00fctfen bize ula\u015f\u0131n.<\/p>\n","protected":false},"author":1,"featured_media":0,"parent":0,"menu_order":0,"comment_status":"closed","ping_status":"closed","template":"","meta":{"footnotes":""},"class_list":["post-73","page","type-page","status-publish","hentry"],"_links":{"self":[{"href":"https:\/\/mkahsap.com\/index.php\/wp-json\/wp\/v2\/pages\/73","targetHints":{"allow":["GET"]}}],"collection":[{"href":"https:\/\/mkahsap.com\/index.php\/wp-json\/wp\/v2\/pages"}],"about":[{"href":"https:\/\/mkahsap.com\/index.php\/wp-json\/wp\/v2\/types\/page"}],"author":[{"embeddable":true,"href":"https:\/\/mkahsap.com\/index.php\/wp-json\/wp\/v2\/users\/1"}],"replies":[{"embeddable":true,"href":"https:\/\/mkahsap.com\/index.php\/wp-json\/wp\/v2\/comments?post=73"}],"version-history":[{"count":1,"href":"https:\/\/mkahsap.com\/index.php\/wp-json\/wp\/v2\/pages\/73\/revisions"}],"predecessor-version":[{"id":75,"href":"https:\/\/mkahsap.com\/index.php\/wp-json\/wp\/v2\/pages\/73\/revisions\/75"}],"wp:attachment":[{"href":"https:\/\/mkahsap.com\/index.php\/wp-json\/wp\/v2\/media?parent=73"}],"curies":[{"name":"wp","href":"https:\/\/api.w.org\/{rel}","templated":true}]}}