{"id":76,"date":"2026-05-08T11:08:18","date_gmt":"2026-05-08T11:08:18","guid":{"rendered":"https:\/\/mkahsap.com\/?page_id=76"},"modified":"2026-05-08T11:08:18","modified_gmt":"2026-05-08T11:08:18","slug":"ahsap-basamak","status":"publish","type":"page","link":"https:\/\/mkahsap.com\/index.php\/ahsap-basamak\/","title":{"rendered":"Ah\u015fap Basamak"},"content":{"rendered":"\n<p>Farkl\u0131 mekan kullan\u0131mlar\u0131na ba\u011fl\u0131 olarak i\u00e7 mekanda \u00fcst kata \u00e7\u0131k\u0131\u015f\u0131 sa\u011flamak i\u00e7in ihtiya\u00e7 duyulan merdiven sistemi ah\u015fab\u0131n g\u00f6z al\u0131c\u0131 ihti\u015fam\u0131 ile farkl\u0131 model se\u00e7eneklerinde evinizin dekorasyonunu da tamamlaman\u0131za yard\u0131mc\u0131 olacak. Ev, ofis, hastane, anaokulu, \u00e7at\u0131 katlar\u0131 ve daha pek \u00e7ok alanda uygulamas\u0131 m\u00fcmk\u00fcn olan ortamlarda g\u00f6z al\u0131c\u0131 ihti\u015fam\u0131yla ah\u015fab\u0131n s\u0131cakl\u0131\u011f\u0131n\u0131 mekanlar\u0131n\u0131za yans\u0131tan merdiven modelleri kalitesiyle uzun y\u0131llar sorun ya\u015famadan kullan\u0131mlar\u0131n\u0131za olanak sa\u011flamaktad\u0131r.<\/p>\n\n\n\n<p>Evinizi g\u00f6sterecek sa\u011flam ve dayan\u0131kl\u0131 merdiven modellerimizi ve\u00a0y\u0131llar\u0131n ustal\u0131\u011f\u0131n\u0131 sizlerle payla\u015fmak isteriz. E\u011fer sizde evinize ah\u015fap, mdf vb.. malzemelerden merdiven basama\u011f\u0131 yapt\u0131rmak istiyorsan\u0131z l\u00fctfen bize ula\u015f\u0131n.<\/p>\n","protected":false},"excerpt":{"rendered":"<p>Farkl\u0131 mekan kullan\u0131mlar\u0131na ba\u011fl\u0131 olarak i\u00e7 mekanda \u00fcst kata \u00e7\u0131k\u0131\u015f\u0131 sa\u011flamak i\u00e7in ihtiya\u00e7 duyulan merdiven sistemi ah\u015fab\u0131n g\u00f6z al\u0131c\u0131 ihti\u015fam\u0131 ile farkl\u0131 model se\u00e7eneklerinde evinizin dekorasyonunu da tamamlaman\u0131za yard\u0131mc\u0131 olacak. Ev, ofis, hastane, anaokulu, \u00e7at\u0131 katlar\u0131 ve daha pek \u00e7ok alanda uygulamas\u0131 m\u00fcmk\u00fcn olan ortamlarda g\u00f6z al\u0131c\u0131 ihti\u015fam\u0131yla ah\u015fab\u0131n s\u0131cakl\u0131\u011f\u0131n\u0131 mekanlar\u0131n\u0131za yans\u0131tan merdiven modelleri kalitesiyle [&hellip;]<\/p>\n","protected":false},"author":1,"featured_media":0,"parent":0,"menu_order":0,"comment_status":"closed","ping_status":"closed","template":"","meta":{"footnotes":""},"class_list":["post-76","page","type-page","status-publish","hentry"],"_links":{"self":[{"href":"https:\/\/mkahsap.com\/index.php\/wp-json\/wp\/v2\/pages\/76","targetHints":{"allow":["GET"]}}],"collection":[{"href":"https:\/\/mkahsap.com\/index.php\/wp-json\/wp\/v2\/pages"}],"about":[{"href":"https:\/\/mkahsap.com\/index.php\/wp-json\/wp\/v2\/types\/page"}],"author":[{"embeddable":true,"href":"https:\/\/mkahsap.com\/index.php\/wp-json\/wp\/v2\/users\/1"}],"replies":[{"embeddable":true,"href":"https:\/\/mkahsap.com\/index.php\/wp-json\/wp\/v2\/comments?post=76"}],"version-history":[{"count":1,"href":"https:\/\/mkahsap.com\/index.php\/wp-json\/wp\/v2\/pages\/76\/revisions"}],"predecessor-version":[{"id":77,"href":"https:\/\/mkahsap.com\/index.php\/wp-json\/wp\/v2\/pages\/76\/revisions\/77"}],"wp:attachment":[{"href":"https:\/\/mkahsap.com\/index.php\/wp-json\/wp\/v2\/media?parent=76"}],"curies":[{"name":"wp","href":"https:\/\/api.w.org\/{rel}","templated":true}]}}