{"id":78,"date":"2026-05-08T11:08:58","date_gmt":"2026-05-08T11:08:58","guid":{"rendered":"https:\/\/mkahsap.com\/?page_id=78"},"modified":"2026-05-08T11:08:58","modified_gmt":"2026-05-08T11:08:58","slug":"ahsap-pergole-veranda","status":"publish","type":"page","link":"https:\/\/mkahsap.com\/index.php\/ahsap-pergole-veranda\/","title":{"rendered":"Ah\u015fap Pergole &#8211; Veranda"},"content":{"rendered":"\n<p>Ah\u015fap K\u0131\u015f Bah\u00e7esi, Ah\u015fap Veranda, Ah\u015fap Kameriye, Ah\u015fap Pergola ve Motorlu Tente Sistemleri , Ah\u015fap Garaj, Ah\u015fap Zemin Kaplamas\u0131, Ah\u015fap Cephe Kaplamas\u0131, Ah\u015fap Saks\u0131, Ah\u015fap Kul\u00fcbe gibi her t\u00fcrl\u00fc Ah\u015fap Bah\u00e7e Mobilyalar\u0131n\u0131n mek\u00e2n\u0131n\u0131za g\u00f6re tasarlanmas\u0131 ve uygulamas\u0131 yap\u0131lmaktad\u0131r.<\/p>\n\n\n\n<p>Otel, Cafe ve Restoranlar\u0131n i\u00e7 mekan uygulamalar\u0131 ile birlikte konut i\u00e7i dekorasyonda kullanabilecek Ah\u015fap Merdiven, Masif Parke, Sauna-Hamam, Duvar ve Tavan Kaplama Uygulamalar\u0131, Klasik, Modern ve Country Mobilya tasar\u0131mlar\u0131n\u0131n yan\u0131nda i\u00e7 mekanda kullan\u0131labilecek ayna, dijatal cam dekor ve sanatsal tasar\u0131m aksesuarlar yap\u0131yoruz. Detal\u0131 bilgi i\u00e7in bize ula\u015fabilirsiniz.<\/p>\n\n\n\n<figure class=\"wp-block-image size-full\"><img loading=\"lazy\" decoding=\"async\" width=\"851\" height=\"740\" src=\"https:\/\/mkahsap.com\/wp-content\/uploads\/2026\/05\/denizli-ahsap-pergole-veranda-1.jpg\" alt=\"\" class=\"wp-image-79\" srcset=\"https:\/\/mkahsap.com\/wp-content\/uploads\/2026\/05\/denizli-ahsap-pergole-veranda-1.jpg 851w, https:\/\/mkahsap.com\/wp-content\/uploads\/2026\/05\/denizli-ahsap-pergole-veranda-1-300x261.jpg 300w, https:\/\/mkahsap.com\/wp-content\/uploads\/2026\/05\/denizli-ahsap-pergole-veranda-1-768x668.jpg 768w, https:\/\/mkahsap.com\/wp-content\/uploads\/2026\/05\/denizli-ahsap-pergole-veranda-1-600x522.jpg 600w\" sizes=\"auto, (max-width: 851px) 100vw, 851px\" \/><\/figure>\n","protected":false},"excerpt":{"rendered":"<p>Ah\u015fap K\u0131\u015f Bah\u00e7esi, Ah\u015fap Veranda, Ah\u015fap Kameriye, Ah\u015fap Pergola ve Motorlu Tente Sistemleri , Ah\u015fap Garaj, Ah\u015fap Zemin Kaplamas\u0131, Ah\u015fap Cephe Kaplamas\u0131, Ah\u015fap Saks\u0131, Ah\u015fap Kul\u00fcbe gibi her t\u00fcrl\u00fc Ah\u015fap Bah\u00e7e Mobilyalar\u0131n\u0131n mek\u00e2n\u0131n\u0131za g\u00f6re tasarlanmas\u0131 ve uygulamas\u0131 yap\u0131lmaktad\u0131r. Otel, Cafe ve Restoranlar\u0131n i\u00e7 mekan uygulamalar\u0131 ile birlikte konut i\u00e7i dekorasyonda kullanabilecek Ah\u015fap Merdiven, Masif Parke, [&hellip;]<\/p>\n","protected":false},"author":1,"featured_media":0,"parent":0,"menu_order":0,"comment_status":"closed","ping_status":"closed","template":"","meta":{"footnotes":""},"class_list":["post-78","page","type-page","status-publish","hentry"],"_links":{"self":[{"href":"https:\/\/mkahsap.com\/index.php\/wp-json\/wp\/v2\/pages\/78","targetHints":{"allow":["GET"]}}],"collection":[{"href":"https:\/\/mkahsap.com\/index.php\/wp-json\/wp\/v2\/pages"}],"about":[{"href":"https:\/\/mkahsap.com\/index.php\/wp-json\/wp\/v2\/types\/page"}],"author":[{"embeddable":true,"href":"https:\/\/mkahsap.com\/index.php\/wp-json\/wp\/v2\/users\/1"}],"replies":[{"embeddable":true,"href":"https:\/\/mkahsap.com\/index.php\/wp-json\/wp\/v2\/comments?post=78"}],"version-history":[{"count":1,"href":"https:\/\/mkahsap.com\/index.php\/wp-json\/wp\/v2\/pages\/78\/revisions"}],"predecessor-version":[{"id":80,"href":"https:\/\/mkahsap.com\/index.php\/wp-json\/wp\/v2\/pages\/78\/revisions\/80"}],"wp:attachment":[{"href":"https:\/\/mkahsap.com\/index.php\/wp-json\/wp\/v2\/media?parent=78"}],"curies":[{"name":"wp","href":"https:\/\/api.w.org\/{rel}","templated":true}]}}