{"id":81,"date":"2026-05-08T11:11:12","date_gmt":"2026-05-08T11:11:12","guid":{"rendered":"https:\/\/mkahsap.com\/?page_id=81"},"modified":"2026-05-08T11:11:13","modified_gmt":"2026-05-08T11:11:13","slug":"ahsap-cati-tavan-duvar-lambiri","status":"publish","type":"page","link":"https:\/\/mkahsap.com\/index.php\/ahsap-cati-tavan-duvar-lambiri\/","title":{"rendered":"Ah\u015fap \u00c7at\u0131 ,Tavan, Duvar Lambiri"},"content":{"rendered":"\n<p>Lambiri; duvar,yer,tavan, \u00e7at\u0131 gibi alanlar\u0131 kaplamak i\u00e7in kullan\u0131lan ah\u015fap,metal ve benzeri malzemelerle, farkl\u0131 \u015fekillerle yan yana getirtilerek olu\u015fan bir kaplama arac\u0131d\u0131r.<\/p>\n\n\n\n<p>Kullan\u0131ld\u0131\u011f\u0131 yerlerde \u015f\u0131k ve temiz bir g\u00f6r\u00fcn\u00fcm elde edilir. Ah\u015fap modelini kulland\u0131\u011f\u0131n\u0131z yerler, \u00f6zellikleri sayesinde evinizi, duvar\u0131n\u0131z\u0131 temiz bir g\u00f6r\u00fcn\u00fcm hissiyat\u0131 uyand\u0131racakt\u0131r.<\/p>\n\n\n\n<p>Ah\u015fap lambiri modelleri , metal lambiri modellere g\u00f6re daha ucuza mal olur hem de daha iyi bir g\u00f6r\u00fcn\u00fcm elde edersiniz.<\/p>\n\n\n\n<p>Al\u0131rken kullan\u0131lan malzemeden \u00e7ok i\u015f\u00e7ili\u011fe daha fazla \u00f6nem vermelisiniz. Dekoratif ama\u00e7la al\u0131nan bir \u00fcr\u00fcn, bu y\u00fczden dayan\u0131kl\u0131l\u0131ktan \u00e7ok g\u00f6rsellik daha \u00f6nemlidir.<\/p>\n\n\n\n<p>Bilgi i\u00e7in bizimle ileti\u015fime ge\u00e7ebilirsiniz.<\/p>\n\n\n\n<figure class=\"wp-block-image size-full\"><img loading=\"lazy\" decoding=\"async\" width=\"1024\" height=\"768\" src=\"https:\/\/mkahsap.com\/wp-content\/uploads\/2026\/05\/ahsap-cati-tavan-lambiri-6.jpg\" alt=\"\" class=\"wp-image-82\" srcset=\"https:\/\/mkahsap.com\/wp-content\/uploads\/2026\/05\/ahsap-cati-tavan-lambiri-6.jpg 1024w, https:\/\/mkahsap.com\/wp-content\/uploads\/2026\/05\/ahsap-cati-tavan-lambiri-6-300x225.jpg 300w, https:\/\/mkahsap.com\/wp-content\/uploads\/2026\/05\/ahsap-cati-tavan-lambiri-6-768x576.jpg 768w, https:\/\/mkahsap.com\/wp-content\/uploads\/2026\/05\/ahsap-cati-tavan-lambiri-6-600x450.jpg 600w\" sizes=\"auto, (max-width: 1024px) 100vw, 1024px\" \/><\/figure>\n","protected":false},"excerpt":{"rendered":"<p>Lambiri; duvar,yer,tavan, \u00e7at\u0131 gibi alanlar\u0131 kaplamak i\u00e7in kullan\u0131lan ah\u015fap,metal ve benzeri malzemelerle, farkl\u0131 \u015fekillerle yan yana getirtilerek olu\u015fan bir kaplama arac\u0131d\u0131r. Kullan\u0131ld\u0131\u011f\u0131 yerlerde \u015f\u0131k ve temiz bir g\u00f6r\u00fcn\u00fcm elde edilir. Ah\u015fap modelini kulland\u0131\u011f\u0131n\u0131z yerler, \u00f6zellikleri sayesinde evinizi, duvar\u0131n\u0131z\u0131 temiz bir g\u00f6r\u00fcn\u00fcm hissiyat\u0131 uyand\u0131racakt\u0131r. Ah\u015fap lambiri modelleri , metal lambiri modellere g\u00f6re daha ucuza mal olur [&hellip;]<\/p>\n","protected":false},"author":1,"featured_media":0,"parent":0,"menu_order":0,"comment_status":"closed","ping_status":"closed","template":"","meta":{"footnotes":""},"class_list":["post-81","page","type-page","status-publish","hentry"],"_links":{"self":[{"href":"https:\/\/mkahsap.com\/index.php\/wp-json\/wp\/v2\/pages\/81","targetHints":{"allow":["GET"]}}],"collection":[{"href":"https:\/\/mkahsap.com\/index.php\/wp-json\/wp\/v2\/pages"}],"about":[{"href":"https:\/\/mkahsap.com\/index.php\/wp-json\/wp\/v2\/types\/page"}],"author":[{"embeddable":true,"href":"https:\/\/mkahsap.com\/index.php\/wp-json\/wp\/v2\/users\/1"}],"replies":[{"embeddable":true,"href":"https:\/\/mkahsap.com\/index.php\/wp-json\/wp\/v2\/comments?post=81"}],"version-history":[{"count":1,"href":"https:\/\/mkahsap.com\/index.php\/wp-json\/wp\/v2\/pages\/81\/revisions"}],"predecessor-version":[{"id":83,"href":"https:\/\/mkahsap.com\/index.php\/wp-json\/wp\/v2\/pages\/81\/revisions\/83"}],"wp:attachment":[{"href":"https:\/\/mkahsap.com\/index.php\/wp-json\/wp\/v2\/media?parent=81"}],"curies":[{"name":"wp","href":"https:\/\/api.w.org\/{rel}","templated":true}]}}